{"id":13,"date":"2017-12-07T13:38:59","date_gmt":"2017-12-07T12:38:59","guid":{"rendered":"http:\/\/stadtschule-gransee.de\/?page_id=13"},"modified":"2025-07-18T09:04:36","modified_gmt":"2025-07-18T07:04:36","slug":"foerderverein","status":"publish","type":"page","link":"https:\/\/stadtschule-gransee.de\/?page_id=13","title":{"rendered":"F\u00f6rderverein"},"content":{"rendered":"<div id=\"pl-13\"  class=\"panel-layout\" ><div id=\"pg-13-0\"  class=\"panel-grid panel-no-style\" ><div id=\"pgc-13-0-0\"  class=\"panel-grid-cell\" ><div id=\"panel-13-0-0-0\" class=\"so-panel widget widget_sow-image panel-first-child panel-last-child\" data-index=\"0\" ><div\n\t\t\t\n\t\t\tclass=\"so-widget-sow-image so-widget-sow-image-default-d6014b76747a-13\"\n\t\t\t\n\t\t>\n\n<div class=\"sow-image-container\">\n\t\t<img src=\"https:\/\/stadtschule-gransee.de\/wp-content\/uploads\/2017\/12\/Logo-150x150.png\" width=\"150\" height=\"150\" sizes=\"(max-width: 150px) 100vw, 150px\" title=\"Logo\" alt=\"\" loading=\"lazy\" \t\tclass=\"so-widget-image\"\/>\n\t<\/div>\n\n<\/div><\/div><\/div><div id=\"pgc-13-0-1\"  class=\"panel-grid-cell\" ><div id=\"panel-13-0-1-0\" class=\"so-panel widget widget_sow-editor panel-first-child panel-last-child\" data-index=\"1\" ><div\n\t\t\t\n\t\t\tclass=\"so-widget-sow-editor so-widget-sow-editor-base\"\n\t\t\t\n\t\t>\n<div class=\"siteorigin-widget-tinymce textwidget\">\n\t<h1><strong>Gro\u00dfe f\u00fcr Kleine e.V.<\/strong><\/h1>\n<h4>F\u00f6rderverein der Stadtschule Gransee, des Hortes Hufeneisenkids und der Bibliothek Gransee<\/h4>\n<\/div>\n<\/div><\/div><\/div><\/div><div id=\"pg-13-1\"  class=\"panel-grid panel-no-style\" ><div id=\"pgc-13-1-0\"  class=\"panel-grid-cell\" ><div id=\"panel-13-1-0-0\" class=\"so-panel widget widget_sow-editor panel-first-child\" data-index=\"2\" ><div\n\t\t\t\n\t\t\tclass=\"so-widget-sow-editor so-widget-sow-editor-base\"\n\t\t\t\n\t\t>\n<div class=\"siteorigin-widget-tinymce textwidget\">\n\t<p><strong>Unterst\u00fctzen Sie unsere Projekte und nutzen Sie www.bildungsspender.de\/gfk f\u00fcr Ihren n\u00e4chsten Einkauf im Internet. Hier gibt es \u00fcber 1700 bekannte Shops. Bei jedem Einkauf landet ein kleiner Betrag auf unserem Konto f\u00fcr Projekte des Vereins.<\/strong><\/p>\n<p><strong>Danke!<\/strong><\/p>\n<p><a href=\"https:\/\/www.bildungsspender.de\/gfk\/\">https:\/\/www.bildungsspender.de\/gfk\/<\/a><\/p>\n<\/div>\n<\/div><\/div><div id=\"panel-13-1-0-1\" class=\"so-panel widget widget_sow-editor\" data-index=\"3\" ><div\n\t\t\t\n\t\t\tclass=\"so-widget-sow-editor so-widget-sow-editor-base\"\n\t\t\t\n\t\t>\n<div class=\"siteorigin-widget-tinymce textwidget\">\n\t<p><strong>Aktuelle Termine<br \/>\n<\/strong><\/p>\n<p>Bitte denken Sie an die Mitgliedsbeitr\u00e4ge! Bitte \u00fcberweisen Sie diese auf unser Konto. Danke!<\/p>\n<p>&nbsp;<\/p>\n<p>&nbsp;<\/p>\n<\/div>\n<\/div><\/div><div id=\"panel-13-1-0-2\" class=\"so-panel widget widget_sow-editor panel-last-child\" data-index=\"4\" ><div\n\t\t\t\n\t\t\tclass=\"so-widget-sow-editor so-widget-sow-editor-base\"\n\t\t\t\n\t\t>\n<div class=\"siteorigin-widget-tinymce textwidget\">\n\t<p><strong>Der Verein stellt sich vor<\/strong><\/p>\n<p>Der F\u00f6rderverein unterst\u00fctzt die Arbeit der Stadtschule Gransee, das Hortes Hufeisenkids und der Bibliothek. Regelm\u00e4\u00dfig werden eigene Projekte\/ Veranstaltungen organisiert.<\/p>\n<p>Beispiele:<\/p>\n<ul>\n<li>Magische Lesewelten<\/li>\n<li>Organisation von Autorenlesungen<\/li>\n<li>Organisation eigener Projekte<\/li>\n<li>Veranstaltung eines Tr\u00f6delmarktes auf dem Kirchplatz<\/li>\n<li>Teilnahme an Veranstaltungen der Stadt Gransee (St\u00e4nde beim Kinderfest, Weihnachtsmarkt)<\/li>\n<li>Lesungen mit der Lesemaus<\/li>\n<li>Begr\u00fc\u00dfungsgeschenke f\u00fcr die Erstkl\u00e4ssler<\/li>\n<\/ul>\n<\/div>\n<\/div><\/div><\/div><div id=\"pgc-13-1-1\"  class=\"panel-grid-cell\" ><div id=\"panel-13-1-1-0\" class=\"so-panel widget widget_sow-editor panel-first-child\" data-index=\"5\" ><div\n\t\t\t\n\t\t\tclass=\"so-widget-sow-editor so-widget-sow-editor-base\"\n\t\t\t\n\t\t>\n<div class=\"siteorigin-widget-tinymce textwidget\">\n\t<h2><\/h2>\n<p><strong>Vorstand<\/strong><\/p>\n<p>Vorsitz Irina Richter, Stellvertreterin Monique Schulz, Gesch\u00e4ftsf\u00fchrerin Caroline Stapel,<\/p>\n<p>Kassenwart: Cornelia St\u00f6ckel, Schriftf\u00fchrer Rebecca Havenstein<\/p>\n<p><strong>Kontakt<\/strong><\/p>\n<p>Mail:\u00a0<a href=\"mailto:vereing@t-online.de\">vereingfk@t-online.de<\/a><\/p>\n<p>Tel: 03306 - 751 331 oder 751 121<br \/>\n<a href=\"http:\/\/www.bibliothekenverbund-oberhavel-nord.de\/index.html\"><strong>Bibliothekenverbund Oberhavel-Nord<\/strong><\/a><\/p>\n<p>Mitgliedsbeitrag an:<br \/>\n<strong>IBAN: <\/strong>DE 08 1605 0000 3751 0082 59<br \/>\n<strong>BIC:<\/strong> WELADED1PMB<\/p>\n<\/div>\n<\/div><\/div><div id=\"panel-13-1-1-1\" class=\"so-panel widget widget_sow-button\" data-index=\"6\" ><div\n\t\t\t\n\t\t\tclass=\"so-widget-sow-button so-widget-sow-button-flat-5c8faa648dfe-13\"\n\t\t\t\n\t\t><div class=\"ow-button-base ow-button-align-left\">\n\t<a href=\"http:\/\/stadtschule-gransee.de\/wp-content\/uploads\/2017\/12\/Beitritt-Verein.pdf\" class=\"ow-icon-placement-left ow-button-hover\" \t\t>\n\t\t<span>\n\t\t\t<span class=\"sow-icon-fontawesome sow-far\" data-sow-icon=\"&#xf1c1;\"\n\t\tstyle=\"color: #020202\" \n\t\taria-hidden=\"true\"><\/span>\n\t\t\tBeitrittserkl\u00e4rung\t\t<\/span>\n\t<\/a>\n<\/div>\n<\/div><\/div><div id=\"panel-13-1-1-2\" class=\"so-panel widget widget_text panel-last-child\" data-index=\"7\" ><h3 class=\"widget-title\">Video Verein 24<\/h3>\t\t\t<div class=\"textwidget\"><p><a href=\"https:\/\/www.youtube.com\/watch?v=RvXqCxmxY4M\">https:\/\/www.youtube.com\/watch?v=RvXqCxmxY4M<\/a><\/p>\n<\/div>\n\t\t<\/div><\/div><\/div><div id=\"pg-13-2\"  class=\"panel-grid panel-no-style\" ><div id=\"pgc-13-2-0\"  class=\"panel-grid-cell panel-grid-cell-empty\" ><\/div><\/div><\/div>","protected":false},"excerpt":{"rendered":"<p>Gro\u00dfe f\u00fcr Kleine e.V. F\u00f6rderverein der Stadtschule Gransee, des Hortes Hufeneisenkids und der Bibliothek Gransee Unterst\u00fctzen Sie unsere Projekte und nutzen Sie www.bildungsspender.de\/gfk f\u00fcr Ihren n\u00e4chsten Einkauf im Internet. Hier gibt es \u00fcber 1700 bekannte Shops. Bei jedem Einkauf landet ein kleiner Betrag auf unserem Konto f\u00fcr Projekte des Vereins. Danke! https:\/\/www.bildungsspender.de\/gfk\/ Aktuelle Termine Bitte &#8230; <a title=\"F\u00f6rderverein\" class=\"read-more\" href=\"https:\/\/stadtschule-gransee.de\/?page_id=13\">Weiterlesen &#8230;<\/a><\/p>\n","protected":false},"author":1,"featured_media":0,"parent":0,"menu_order":0,"comment_status":"closed","ping_status":"closed","template":"","meta":{"generate_page_header":""},"_links":{"self":[{"href":"https:\/\/stadtschule-gransee.de\/index.php?rest_route=\/wp\/v2\/pages\/13"}],"collection":[{"href":"https:\/\/stadtschule-gransee.de\/index.php?rest_route=\/wp\/v2\/pages"}],"about":[{"href":"https:\/\/stadtschule-gransee.de\/index.php?rest_route=\/wp\/v2\/types\/page"}],"author":[{"embeddable":true,"href":"https:\/\/stadtschule-gransee.de\/index.php?rest_route=\/wp\/v2\/users\/1"}],"replies":[{"embeddable":true,"href":"https:\/\/stadtschule-gransee.de\/index.php?rest_route=%2Fwp%2Fv2%2Fcomments&post=13"}],"version-history":[{"count":205,"href":"https:\/\/stadtschule-gransee.de\/index.php?rest_route=\/wp\/v2\/pages\/13\/revisions"}],"predecessor-version":[{"id":2598,"href":"https:\/\/stadtschule-gransee.de\/index.php?rest_route=\/wp\/v2\/pages\/13\/revisions\/2598"}],"wp:attachment":[{"href":"https:\/\/stadtschule-gransee.de\/index.php?rest_route=%2Fwp%2Fv2%2Fmedia&parent=13"}],"curies":[{"name":"wp","href":"https:\/\/api.w.org\/{rel}","templated":true}]}}