{"id":1878,"date":"2023-04-27T11:59:21","date_gmt":"2023-04-27T09:59:21","guid":{"rendered":"https:\/\/stadtschule-gransee.de\/?page_id=1878"},"modified":"2026-05-05T13:15:17","modified_gmt":"2026-05-05T11:15:17","slug":"aktuelles","status":"publish","type":"page","link":"https:\/\/stadtschule-gransee.de\/?page_id=1878","title":{"rendered":"Aktuelles"},"content":{"rendered":"\n<p>\u00a0<\/p>\n<p><strong>Sch\u00fclersprecher Interview Schuljahr 2025\/26<\/strong><\/p>\n<ol>\n<li>Ihr seid nun Sch\u00fclersprecher. Wie f\u00fchlt ihr euch damit?<\/li>\n<\/ol>\n<p>Paul: Ich f\u00fchle mich sehr wohl als Sch\u00fclersprecher.<\/p>\n<p>Hannah: Ich f\u00fchle mich verpflichtet zu jedem Treffen, wo ich eingeladen werde hinzugehen, weil die anderen Kinder uns vertraut haben hinzugehen und denken das wir das schaffen k\u00f6nnen.<\/p>\n<ol start=\"2\">\n<li>Stellt euch bitte kurz f\u00fcr alle Eltern und Kinder vor.<\/li>\n<\/ol>\n<p>Hannah: Ich bin Hannah, gehe in die 4.Klasse und bin 9 Jahre alt.<\/p>\n<p>Paul: Ich bin Paul, bin 12 Jahre alt und gehe in die 5.Klasse.<\/p>\n<ol start=\"3\">\n<li>Was m\u00f6chtet ihr sp\u00e4ter einmal werden?<\/li>\n<\/ol>\n<p>Paul: Ich wei\u00df noch nicht was, eventuell etwas mit Tieren oder im Handwerk.<\/p>\n<p>Hannah: Ich m\u00f6chte mal Tier\u00e4rztin im Zoo werden.<\/p>\n<ol start=\"4\">\n<li>Gibt es weitere W\u00fcnsche oder Tr\u00e4ume in eurem Leben?<\/li>\n<\/ol>\n<p>Hannah: Ich m\u00f6chte einmal ganz viele Tiere Zuhause haben.<\/p>\n<p>Paul: Ich m\u00f6chte einmal nach Japan reisen und dort leben.<\/p>\n<ol start=\"5\">\n<li>Was haben eure Eltern gesagt, als sie erfahren haben, dass ihr Klassen- und Sch\u00fclersprecher seid?<\/li>\n<\/ol>\n<p>Paul: Meine WG und meine Eltern fanden es cool.<\/p>\n<p>Hannah: Sie waren stolz auf mich.<\/p>\n<ol start=\"6\">\n<li>Was m\u00f6chtet ihr als Sch\u00fclersprecher denn an der Schule ver\u00e4ndern?<\/li>\n<\/ol>\n<p>Hannah: Ich m\u00f6chte das der Schulhof gr\u00fcner und sauberer ist. Eventuell mit einer AG, die helfen und sich darum k\u00fcmmern k\u00f6nnen.<\/p>\n<p>Paul: Ich m\u00f6chte, dass jeder respektvoller miteinander umgeht, bspw. Gr\u00f6\u00dfere achten mehr auf die Kleineren.<\/p>\n<ol start=\"7\">\n<li>Und wie m\u00f6chtet ihr als Klassensprecher sein?<\/li>\n<\/ol>\n<p>Paul und Hannah: Wir m\u00f6chten gerne anderen Kindern helfen.<\/p>\n<ol start=\"8\">\n<li>Was w\u00fcnscht ihr euch von euren Mitsch\u00fclern?<\/li>\n<\/ol>\n<p>Hannah: Das sie bei Stopp auch aufh\u00f6ren und damit respektieren, was andere m\u00f6chten und auch mehr auf den Lehrer h\u00f6ren.<\/p>\n<p>Paul: Das sie etwas leiser in unserer Klasse sind und vor irgendwelchen Handlungen den Lehrer fragen zum Beispiel das Rollo runter machen oder das Licht ein- und ausschalten.<\/p>\n<p><strong>\u00a0<\/strong><\/p>\n<p>\u00a0<\/p>\n\n\n\n<p><span style=\"font-family: arial, helvetica, sans-serif; font-size: 18pt;\"><strong>Allgemeine Information:<\/strong><\/span><\/p>\n\n\n\n<p><span style=\"font-family: arial, helvetica, sans-serif; font-size: 14pt;\">Sehr geehrte Eltern\/ Erziehungsberechtigte,<\/span><br><span style=\"font-family: arial, helvetica, sans-serif; font-size: 14pt;\">wenn Sie einen Gespr\u00e4chstermin mit Lehrern w\u00fcnschen, vereinbaren Sie bitte per E-Mail einen Termin direkt mit dem Lehrer.<\/span><br><span style=\"font-family: arial, helvetica, sans-serif; font-size: 14pt;\">Bei einem Terminwunsch mit der Schulleitung fragen Sie vorher im Sekretariat an.<\/span><br><span style=\"font-family: arial, helvetica, sans-serif; font-size: 14pt;\">Telefon-Nr. Sekretariat: 03306 751 331<\/span><br><span style=\"font-family: arial, helvetica, sans-serif; font-size: 14pt;\">E-Mail Sekretariat: sekretariat.111790@lk.brandenburg.de<\/span><\/p>\n\n\n\n<figure class=\"wp-block-image is-resized\"><img decoding=\"async\" loading=\"lazy\" src=\"https:\/\/stadtschule-gransee.de\/wp-content\/uploads\/2022\/09\/Aushang-T\u00fcr.png\" alt=\"\" class=\"wp-image-1600\" width=\"648\" height=\"1152\" srcset=\"https:\/\/stadtschule-gransee.de\/wp-content\/uploads\/2022\/09\/Aushang-T\u00fcr.png 648w, https:\/\/stadtschule-gransee.de\/wp-content\/uploads\/2022\/09\/Aushang-T\u00fcr-169x300.png 169w, https:\/\/stadtschule-gransee.de\/wp-content\/uploads\/2022\/09\/Aushang-T\u00fcr-576x1024.png 576w\" sizes=\"(max-width: 648px) 100vw, 648px\" \/><\/figure>\n","protected":false},"excerpt":{"rendered":"<p>\u00a0 Sch\u00fclersprecher Interview Schuljahr 2025\/26 Ihr seid nun Sch\u00fclersprecher. Wie f\u00fchlt ihr euch damit? Paul: Ich f\u00fchle mich sehr wohl als Sch\u00fclersprecher. Hannah: Ich f\u00fchle mich verpflichtet zu jedem Treffen, wo ich eingeladen werde hinzugehen, weil die anderen Kinder uns vertraut haben hinzugehen und denken das wir das schaffen k\u00f6nnen. Stellt euch bitte kurz f\u00fcr &#8230; <a title=\"Aktuelles\" class=\"read-more\" href=\"https:\/\/stadtschule-gransee.de\/?page_id=1878\">Weiterlesen &#8230;<\/a><\/p>\n","protected":false},"author":1,"featured_media":0,"parent":0,"menu_order":0,"comment_status":"closed","ping_status":"closed","template":"","meta":{"generate_page_header":""},"_links":{"self":[{"href":"https:\/\/stadtschule-gransee.de\/index.php?rest_route=\/wp\/v2\/pages\/1878"}],"collection":[{"href":"https:\/\/stadtschule-gransee.de\/index.php?rest_route=\/wp\/v2\/pages"}],"about":[{"href":"https:\/\/stadtschule-gransee.de\/index.php?rest_route=\/wp\/v2\/types\/page"}],"author":[{"embeddable":true,"href":"https:\/\/stadtschule-gransee.de\/index.php?rest_route=\/wp\/v2\/users\/1"}],"replies":[{"embeddable":true,"href":"https:\/\/stadtschule-gransee.de\/index.php?rest_route=%2Fwp%2Fv2%2Fcomments&post=1878"}],"version-history":[{"count":15,"href":"https:\/\/stadtschule-gransee.de\/index.php?rest_route=\/wp\/v2\/pages\/1878\/revisions"}],"predecessor-version":[{"id":2752,"href":"https:\/\/stadtschule-gransee.de\/index.php?rest_route=\/wp\/v2\/pages\/1878\/revisions\/2752"}],"wp:attachment":[{"href":"https:\/\/stadtschule-gransee.de\/index.php?rest_route=%2Fwp%2Fv2%2Fmedia&parent=1878"}],"curies":[{"name":"wp","href":"https:\/\/api.w.org\/{rel}","templated":true}]}}