{"id":2228,"date":"2024-05-27T11:18:00","date_gmt":"2024-05-27T09:18:00","guid":{"rendered":"https:\/\/stadtschule-gransee.de\/?page_id=2228"},"modified":"2025-06-23T14:09:41","modified_gmt":"2025-06-23T12:09:41","slug":"dankeschoen","status":"publish","type":"page","link":"https:\/\/stadtschule-gransee.de\/?page_id=2228","title":{"rendered":"Dankesch\u00f6n"},"content":{"rendered":"\n<div class=\"is-layout-constrained wp-block-group\"><div class=\"wp-block-group__inner-container\">\n<div class=\"is-layout-flex wp-container-2 wp-block-columns\">\n<div class=\"is-layout-flow wp-block-column\" style=\"flex-basis:100%\"><div id=\"pl-gb2228-69fb381abe47d\"  class=\"panel-layout\" ><div id=\"pg-gb2228-69fb381abe47d-0\"  class=\"panel-grid panel-no-style\" ><div id=\"pgc-gb2228-69fb381abe47d-0-0\"  class=\"panel-grid-cell\" ><div id=\"panel-gb2228-69fb381abe47d-0-0-0\" class=\"so-panel widget widget_text panel-first-child\" data-index=\"0\" ><h3 class=\"widget-title\">Social Day im Mai<\/h3>\t\t\t<div class=\"textwidget\"><p>Vielen Dank an alle Helfer beim Social Day!<\/p>\n<p>Der Schulgarten sieht wieder toll aus!<\/p>\n<p><img decoding=\"async\" loading=\"lazy\" class=\"alignnone size-medium wp-image-2572\" src=\"https:\/\/stadtschule-gransee.de\/wp-content\/uploads\/2025\/06\/20250514_094158-300x225.jpg\" alt=\"\" width=\"300\" height=\"225\" srcset=\"https:\/\/stadtschule-gransee.de\/wp-content\/uploads\/2025\/06\/20250514_094158-300x225.jpg 300w, https:\/\/stadtschule-gransee.de\/wp-content\/uploads\/2025\/06\/20250514_094158-1024x768.jpg 1024w, https:\/\/stadtschule-gransee.de\/wp-content\/uploads\/2025\/06\/20250514_094158-768x576.jpg 768w, https:\/\/stadtschule-gransee.de\/wp-content\/uploads\/2025\/06\/20250514_094158-1536x1152.jpg 1536w, https:\/\/stadtschule-gransee.de\/wp-content\/uploads\/2025\/06\/20250514_094158-2048x1536.jpg 2048w\" sizes=\"(max-width: 300px) 100vw, 300px\" \/> <img decoding=\"async\" loading=\"lazy\" class=\"alignnone size-medium wp-image-2573\" src=\"https:\/\/stadtschule-gransee.de\/wp-content\/uploads\/2025\/06\/20250514_094218-300x225.jpg\" alt=\"\" width=\"300\" height=\"225\" srcset=\"https:\/\/stadtschule-gransee.de\/wp-content\/uploads\/2025\/06\/20250514_094218-300x225.jpg 300w, https:\/\/stadtschule-gransee.de\/wp-content\/uploads\/2025\/06\/20250514_094218-1024x768.jpg 1024w, https:\/\/stadtschule-gransee.de\/wp-content\/uploads\/2025\/06\/20250514_094218-768x576.jpg 768w, https:\/\/stadtschule-gransee.de\/wp-content\/uploads\/2025\/06\/20250514_094218-1536x1152.jpg 1536w, https:\/\/stadtschule-gransee.de\/wp-content\/uploads\/2025\/06\/20250514_094218-2048x1536.jpg 2048w\" sizes=\"(max-width: 300px) 100vw, 300px\" \/> <img decoding=\"async\" loading=\"lazy\" class=\"alignnone size-medium wp-image-2574\" src=\"https:\/\/stadtschule-gransee.de\/wp-content\/uploads\/2025\/06\/20250514_094239-300x225.jpg\" alt=\"\" width=\"300\" height=\"225\" srcset=\"https:\/\/stadtschule-gransee.de\/wp-content\/uploads\/2025\/06\/20250514_094239-300x225.jpg 300w, https:\/\/stadtschule-gransee.de\/wp-content\/uploads\/2025\/06\/20250514_094239-1024x768.jpg 1024w, https:\/\/stadtschule-gransee.de\/wp-content\/uploads\/2025\/06\/20250514_094239-768x576.jpg 768w, https:\/\/stadtschule-gransee.de\/wp-content\/uploads\/2025\/06\/20250514_094239-1536x1152.jpg 1536w, https:\/\/stadtschule-gransee.de\/wp-content\/uploads\/2025\/06\/20250514_094239-2048x1536.jpg 2048w\" sizes=\"(max-width: 300px) 100vw, 300px\" \/> <img decoding=\"async\" loading=\"lazy\" class=\"alignnone size-medium wp-image-2575\" src=\"https:\/\/stadtschule-gransee.de\/wp-content\/uploads\/2025\/06\/20250514_094311-300x225.jpg\" alt=\"\" width=\"300\" height=\"225\" srcset=\"https:\/\/stadtschule-gransee.de\/wp-content\/uploads\/2025\/06\/20250514_094311-300x225.jpg 300w, https:\/\/stadtschule-gransee.de\/wp-content\/uploads\/2025\/06\/20250514_094311-1024x768.jpg 1024w, https:\/\/stadtschule-gransee.de\/wp-content\/uploads\/2025\/06\/20250514_094311-768x576.jpg 768w, https:\/\/stadtschule-gransee.de\/wp-content\/uploads\/2025\/06\/20250514_094311-1536x1152.jpg 1536w, https:\/\/stadtschule-gransee.de\/wp-content\/uploads\/2025\/06\/20250514_094311-2048x1536.jpg 2048w\" sizes=\"(max-width: 300px) 100vw, 300px\" \/> <img decoding=\"async\" loading=\"lazy\" class=\"alignnone size-medium wp-image-2576\" src=\"https:\/\/stadtschule-gransee.de\/wp-content\/uploads\/2025\/06\/20250514_094327-300x225.jpg\" alt=\"\" width=\"300\" height=\"225\" srcset=\"https:\/\/stadtschule-gransee.de\/wp-content\/uploads\/2025\/06\/20250514_094327-300x225.jpg 300w, https:\/\/stadtschule-gransee.de\/wp-content\/uploads\/2025\/06\/20250514_094327-1024x768.jpg 1024w, https:\/\/stadtschule-gransee.de\/wp-content\/uploads\/2025\/06\/20250514_094327-768x576.jpg 768w, https:\/\/stadtschule-gransee.de\/wp-content\/uploads\/2025\/06\/20250514_094327-1536x1152.jpg 1536w, https:\/\/stadtschule-gransee.de\/wp-content\/uploads\/2025\/06\/20250514_094327-2048x1536.jpg 2048w\" sizes=\"(max-width: 300px) 100vw, 300px\" \/><\/p>\n<\/div>\n\t\t<\/div><div id=\"panel-gb2228-69fb381abe47d-0-0-1\" class=\"so-panel widget widget_text\" data-index=\"1\" ><h3 class=\"widget-title\">Dank an die Helfer im Schulgarten<\/h3>\t\t\t<div class=\"textwidget\"><p>Regelm\u00e4\u00dfig bekommen wir Unterst\u00fctzung vom T\u00dcV Rheinland.<br \/>\nDie Helfer m\u00e4hen den Garten und erledigen Arbeiten, die von den Kindern nicht durchgef\u00fchrt werden k\u00f6nnen.<\/p>\n<p><img decoding=\"async\" loading=\"lazy\" class=\"alignnone size-medium wp-image-2234\" src=\"https:\/\/stadtschule-gransee.de\/wp-content\/uploads\/2024\/05\/20240513_110814-1-300x225.jpg\" alt=\"\" width=\"300\" height=\"225\" srcset=\"https:\/\/stadtschule-gransee.de\/wp-content\/uploads\/2024\/05\/20240513_110814-1-300x225.jpg 300w, https:\/\/stadtschule-gransee.de\/wp-content\/uploads\/2024\/05\/20240513_110814-1.jpg 640w\" sizes=\"(max-width: 300px) 100vw, 300px\" \/> <img decoding=\"async\" loading=\"lazy\" class=\"alignnone size-medium wp-image-2235\" src=\"https:\/\/stadtschule-gransee.de\/wp-content\/uploads\/2024\/05\/20240513_110528-1-300x225.jpg\" alt=\"\" width=\"300\" height=\"225\" srcset=\"https:\/\/stadtschule-gransee.de\/wp-content\/uploads\/2024\/05\/20240513_110528-1-300x225.jpg 300w, https:\/\/stadtschule-gransee.de\/wp-content\/uploads\/2024\/05\/20240513_110528-1.jpg 640w\" sizes=\"(max-width: 300px) 100vw, 300px\" \/><\/p>\n<\/div>\n\t\t<\/div><div id=\"panel-gb2228-69fb381abe47d-0-0-2\" class=\"so-panel widget widget_text panel-last-child\" data-index=\"2\" ><h3 class=\"widget-title\">Workshop mit Charlotte Hofmann<\/h3>\t\t\t<div class=\"textwidget\"><p>Comicworkshop in der Stadtschule Gransee:<br \/>\nIm Rahmen unseres Detektivprojektes besuchte uns am Donnerstag, dem 23.5.2024, Charlotte Hofmann.<\/p>\n<p>Sie brachte ausgew\u00e4hlten Kindern bei, einen eigenen Comic zum Thema &#8222;Detektiv&#8220; zu zeichnen.<br \/>\nDie Ergebnisse konnten sich sehen lassen!<br \/>\nDanke an den F\u00f6rderverein f\u00fcr dieses tolle Erlebnis!<\/p>\n<p><img decoding=\"async\" loading=\"lazy\" class=\"alignnone size-medium wp-image-2244\" src=\"https:\/\/stadtschule-gransee.de\/wp-content\/uploads\/2024\/05\/WhatsApp-Bild-2024-05-27-um-11.23.32_0f435e9e-300x300.jpg\" alt=\"\" width=\"300\" height=\"300\" srcset=\"https:\/\/stadtschule-gransee.de\/wp-content\/uploads\/2024\/05\/WhatsApp-Bild-2024-05-27-um-11.23.32_0f435e9e-300x300.jpg 300w, https:\/\/stadtschule-gransee.de\/wp-content\/uploads\/2024\/05\/WhatsApp-Bild-2024-05-27-um-11.23.32_0f435e9e-1024x1024.jpg 1024w, https:\/\/stadtschule-gransee.de\/wp-content\/uploads\/2024\/05\/WhatsApp-Bild-2024-05-27-um-11.23.32_0f435e9e-150x150.jpg 150w, https:\/\/stadtschule-gransee.de\/wp-content\/uploads\/2024\/05\/WhatsApp-Bild-2024-05-27-um-11.23.32_0f435e9e-768x768.jpg 768w, https:\/\/stadtschule-gransee.de\/wp-content\/uploads\/2024\/05\/WhatsApp-Bild-2024-05-27-um-11.23.32_0f435e9e-1536x1536.jpg 1536w, https:\/\/stadtschule-gransee.de\/wp-content\/uploads\/2024\/05\/WhatsApp-Bild-2024-05-27-um-11.23.32_0f435e9e.jpg 2048w\" sizes=\"(max-width: 300px) 100vw, 300px\" \/><\/p>\n<\/div>\n\t\t<\/div><\/div><div id=\"pgc-gb2228-69fb381abe47d-0-1\"  class=\"panel-grid-cell\" ><div id=\"panel-gb2228-69fb381abe47d-0-1-0\" class=\"so-panel widget widget_text panel-first-child\" data-index=\"3\" ><h3 class=\"widget-title\">Danke an Agrar- Forst- Technickservice &#8211; Martin Hanning aus Lindow<\/h3>\t\t\t<div class=\"textwidget\"><p><img decoding=\"async\" loading=\"lazy\" class=\"aligncenter wp-image-2511\" src=\"https:\/\/stadtschule-gransee.de\/wp-content\/uploads\/2025\/04\/20250414_134542-300x225.jpg\" alt=\"\" width=\"427\" height=\"320\" srcset=\"https:\/\/stadtschule-gransee.de\/wp-content\/uploads\/2025\/04\/20250414_134542-300x225.jpg 300w, https:\/\/stadtschule-gransee.de\/wp-content\/uploads\/2025\/04\/20250414_134542-1024x768.jpg 1024w, https:\/\/stadtschule-gransee.de\/wp-content\/uploads\/2025\/04\/20250414_134542-768x576.jpg 768w, https:\/\/stadtschule-gransee.de\/wp-content\/uploads\/2025\/04\/20250414_134542-1536x1152.jpg 1536w, https:\/\/stadtschule-gransee.de\/wp-content\/uploads\/2025\/04\/20250414_134542-2048x1536.jpg 2048w\" sizes=\"(max-width: 427px) 100vw, 427px\" \/><\/p>\n<p>F\u00fcr die riesige Ladung Holzhackschnitzel f\u00fcr unseren Kr\u00e4utergarten.<\/p>\n<p>Die Kinder waren schon flei\u00dfig und haben alles verteilt.<\/p>\n<\/div>\n\t\t<\/div><div id=\"panel-gb2228-69fb381abe47d-0-1-1\" class=\"so-panel widget widget_text panel-last-child\" data-index=\"4\" ><h3 class=\"widget-title\">Danke an Regio Nord<\/h3>\t\t\t<div class=\"textwidget\"><p>Vielen Dank an die Regio Nord f\u00fcr die Organisation einer tollen Veranstaltung f\u00fcr unsere 4. Klassen. Wir lernten neben Zeichensprache viele Dinge \u00fcber Religionen\u00a0und\u00a0Natur.<\/p>\n<p><img decoding=\"async\" loading=\"lazy\" class=\"alignnone size-medium wp-image-2245\" src=\"https:\/\/stadtschule-gransee.de\/wp-content\/uploads\/2024\/05\/WhatsApp-Bild-2024-05-27-um-11.25.16_25ce9dd0-225x300.jpg\" alt=\"\" width=\"225\" height=\"300\" srcset=\"https:\/\/stadtschule-gransee.de\/wp-content\/uploads\/2024\/05\/WhatsApp-Bild-2024-05-27-um-11.25.16_25ce9dd0-225x300.jpg 225w, https:\/\/stadtschule-gransee.de\/wp-content\/uploads\/2024\/05\/WhatsApp-Bild-2024-05-27-um-11.25.16_25ce9dd0-768x1024.jpg 768w, https:\/\/stadtschule-gransee.de\/wp-content\/uploads\/2024\/05\/WhatsApp-Bild-2024-05-27-um-11.25.16_25ce9dd0-1152x1536.jpg 1152w, https:\/\/stadtschule-gransee.de\/wp-content\/uploads\/2024\/05\/WhatsApp-Bild-2024-05-27-um-11.25.16_25ce9dd0.jpg 1512w\" sizes=\"(max-width: 225px) 100vw, 225px\" \/> <img decoding=\"async\" loading=\"lazy\" class=\"alignnone size-medium wp-image-2246\" src=\"https:\/\/stadtschule-gransee.de\/wp-content\/uploads\/2024\/05\/WhatsApp-Bild-2024-05-27-um-11.25.16_a60ad58c-300x225.jpg\" alt=\"\" width=\"300\" height=\"225\" srcset=\"https:\/\/stadtschule-gransee.de\/wp-content\/uploads\/2024\/05\/WhatsApp-Bild-2024-05-27-um-11.25.16_a60ad58c-300x225.jpg 300w, https:\/\/stadtschule-gransee.de\/wp-content\/uploads\/2024\/05\/WhatsApp-Bild-2024-05-27-um-11.25.16_a60ad58c-1024x768.jpg 1024w, https:\/\/stadtschule-gransee.de\/wp-content\/uploads\/2024\/05\/WhatsApp-Bild-2024-05-27-um-11.25.16_a60ad58c-768x576.jpg 768w, https:\/\/stadtschule-gransee.de\/wp-content\/uploads\/2024\/05\/WhatsApp-Bild-2024-05-27-um-11.25.16_a60ad58c-1536x1152.jpg 1536w, https:\/\/stadtschule-gransee.de\/wp-content\/uploads\/2024\/05\/WhatsApp-Bild-2024-05-27-um-11.25.16_a60ad58c.jpg 2016w\" sizes=\"(max-width: 300px) 100vw, 300px\" \/><\/p>\n<\/div>\n\t\t<\/div><\/div><\/div><div id=\"pg-gb2228-69fb381abe47d-1\"  class=\"panel-grid panel-no-style\" ><div id=\"pgc-gb2228-69fb381abe47d-1-0\"  class=\"panel-grid-cell panel-grid-cell-empty panel-grid-cell-mobile-last\" ><\/div><div id=\"pgc-gb2228-69fb381abe47d-1-1\"  class=\"panel-grid-cell panel-grid-cell-empty\" ><\/div><\/div><\/div>\n\n\n\n<\/div>\n<\/div>\n<\/div><\/div>\n","protected":false},"excerpt":{"rendered":"","protected":false},"author":1,"featured_media":0,"parent":0,"menu_order":0,"comment_status":"closed","ping_status":"closed","template":"","meta":{"generate_page_header":""},"_links":{"self":[{"href":"https:\/\/stadtschule-gransee.de\/index.php?rest_route=\/wp\/v2\/pages\/2228"}],"collection":[{"href":"https:\/\/stadtschule-gransee.de\/index.php?rest_route=\/wp\/v2\/pages"}],"about":[{"href":"https:\/\/stadtschule-gransee.de\/index.php?rest_route=\/wp\/v2\/types\/page"}],"author":[{"embeddable":true,"href":"https:\/\/stadtschule-gransee.de\/index.php?rest_route=\/wp\/v2\/users\/1"}],"replies":[{"embeddable":true,"href":"https:\/\/stadtschule-gransee.de\/index.php?rest_route=%2Fwp%2Fv2%2Fcomments&post=2228"}],"version-history":[{"count":10,"href":"https:\/\/stadtschule-gransee.de\/index.php?rest_route=\/wp\/v2\/pages\/2228\/revisions"}],"predecessor-version":[{"id":2577,"href":"https:\/\/stadtschule-gransee.de\/index.php?rest_route=\/wp\/v2\/pages\/2228\/revisions\/2577"}],"wp:attachment":[{"href":"https:\/\/stadtschule-gransee.de\/index.php?rest_route=%2Fwp%2Fv2%2Fmedia&parent=2228"}],"curies":[{"name":"wp","href":"https:\/\/api.w.org\/{rel}","templated":true}]}}