{"id":764,"date":"2020-04-21T10:32:19","date_gmt":"2020-04-21T08:32:19","guid":{"rendered":"http:\/\/stadtschule-gransee.de\/?page_id=764"},"modified":"2024-01-16T10:21:12","modified_gmt":"2024-01-16T09:21:12","slug":"wichtige-informationen","status":"publish","type":"page","link":"https:\/\/stadtschule-gransee.de\/?page_id=764","title":{"rendered":"Wichtige Informationen"},"content":{"rendered":"<div id=\"pl-764\"  class=\"panel-layout\" ><div id=\"pg-764-0\"  class=\"panel-grid panel-no-style\" ><div id=\"pgc-764-0-0\"  class=\"panel-grid-cell\" ><div id=\"panel-764-0-0-0\" class=\"so-panel widget widget_media_gallery panel-first-child panel-last-child\" data-index=\"0\" ><div id='gallery-1' class='gallery galleryid-764 gallery-columns-1 gallery-size-full'><figure class='gallery-item'>\n\t\t\t<div class='gallery-icon portrait'>\n\t\t\t\t<a href='https:\/\/stadtschule-gransee.de\/?attachment_id=1600#main'><img width=\"648\" height=\"1152\" src=\"https:\/\/stadtschule-gransee.de\/wp-content\/uploads\/2022\/09\/Aushang-T\u00fcr.png\" class=\"attachment-full size-full\" alt=\"\" decoding=\"async\" loading=\"lazy\" srcset=\"https:\/\/stadtschule-gransee.de\/wp-content\/uploads\/2022\/09\/Aushang-T\u00fcr.png 648w, https:\/\/stadtschule-gransee.de\/wp-content\/uploads\/2022\/09\/Aushang-T\u00fcr-169x300.png 169w, https:\/\/stadtschule-gransee.de\/wp-content\/uploads\/2022\/09\/Aushang-T\u00fcr-576x1024.png 576w\" sizes=\"(max-width: 648px) 100vw, 648px\" \/><\/a>\n\t\t\t<\/div><\/figure>\n\t\t<\/div>\n<\/div><\/div><div id=\"pgc-764-0-1\"  class=\"panel-grid-cell\" ><div id=\"panel-764-0-1-0\" class=\"so-panel widget widget_sow-editor panel-first-child panel-last-child\" data-index=\"1\" ><div\n\t\t\t\n\t\t\tclass=\"so-widget-sow-editor so-widget-sow-editor-base\"\n\t\t\t\n\t\t>\n<div class=\"siteorigin-widget-tinymce textwidget\">\n\t<p><a href=\"http:\/\/stadtschule-gransee.de\/wp-content\/uploads\/2022\/01\/2022-23-Pr\u00e4sentation\u00dc7.pdf\">Wichtige Informationen zum \u00dcbergangsverfahren \u00dc7<\/a><\/p>\n<h2><span style=\"text-decoration: underline;\"><strong>Informationen zum Datenschutz<\/strong><\/span><\/h2>\n<p><a href=\"http:\/\/stadtschule-gransee.de\/wp-content\/uploads\/2020\/06\/3.-Muster-2a-Datenschutzbestimmungenauf-Homepage-hinterlegen.pdf\">Infos \u00fcber personenbezogene Daten<\/a><\/p>\n<p><a href=\"http:\/\/stadtschule-gransee.de\/wp-content\/uploads\/2020\/06\/2.-Datenschutz-sostiges-Schulpersonal-a.pdf\"> Datenschutz sonstiges Schulpersonal<\/a><\/p>\n<p><a href=\"http:\/\/stadtschule-gransee.de\/wp-content\/uploads\/2020\/06\/1.Datenschutz-Eltern-und-Sch\u00fcler-Muster-1a.docx-a.pdf\">Datenschutz Eltern und Sch\u00fcler<\/a><\/p>\n<\/div>\n<\/div><\/div><\/div><\/div><\/div>","protected":false},"excerpt":{"rendered":"<p>Wichtige Informationen zum \u00dcbergangsverfahren \u00dc7 Informationen zum Datenschutz Infos \u00fcber personenbezogene Daten Datenschutz sonstiges Schulpersonal Datenschutz Eltern und Sch\u00fcler<\/p>\n","protected":false},"author":1,"featured_media":0,"parent":0,"menu_order":0,"comment_status":"closed","ping_status":"closed","template":"","meta":{"generate_page_header":""},"_links":{"self":[{"href":"https:\/\/stadtschule-gransee.de\/index.php?rest_route=\/wp\/v2\/pages\/764"}],"collection":[{"href":"https:\/\/stadtschule-gransee.de\/index.php?rest_route=\/wp\/v2\/pages"}],"about":[{"href":"https:\/\/stadtschule-gransee.de\/index.php?rest_route=\/wp\/v2\/types\/page"}],"author":[{"embeddable":true,"href":"https:\/\/stadtschule-gransee.de\/index.php?rest_route=\/wp\/v2\/users\/1"}],"replies":[{"embeddable":true,"href":"https:\/\/stadtschule-gransee.de\/index.php?rest_route=%2Fwp%2Fv2%2Fcomments&post=764"}],"version-history":[{"count":287,"href":"https:\/\/stadtschule-gransee.de\/index.php?rest_route=\/wp\/v2\/pages\/764\/revisions"}],"predecessor-version":[{"id":780,"href":"https:\/\/stadtschule-gransee.de\/index.php?rest_route=\/wp\/v2\/pages\/764\/revisions\/780"}],"wp:attachment":[{"href":"https:\/\/stadtschule-gransee.de\/index.php?rest_route=%2Fwp%2Fv2%2Fmedia&parent=764"}],"curies":[{"name":"wp","href":"https:\/\/api.w.org\/{rel}","templated":true}]}}